{"id":13392,"date":"2026-02-03T00:40:53","date_gmt":"2026-02-03T05:40:53","guid":{"rendered":"https:\/\/magicvitresddo.ca\/?page_id=13392"},"modified":"2026-03-13T06:02:35","modified_gmt":"2026-03-13T10:02:35","slug":"politique-de-confidentialite","status":"publish","type":"page","link":"https:\/\/magicvitresddo.ca\/fr\/privacy-policy\/","title":{"rendered":"Politique de confidentialit\u00e9"},"content":{"rendered":"<div class=\"wpb-content-wrapper\"><div id=\"vc_row-69f0b0210a836\" class=\"vc_row wpb_row vc_row-fluid vc_custom_1770025235843 thegem-custom-69f0b0210a8232497\"><div class=\"wpb_column vc_column_container vc_col-sm-12 thegem-custom-69f0b0210a9df5875\" ><div class=\"vc_column-inner thegem-custom-inner-69f0b0210a9e0\"><div class=\"wpb_wrapper thegem-custom-69f0b0210a9df5875\">\n\t<div class=\"wpb_raw_code wpb_raw_html wpb_content_element\" >\n\t\t<div class=\"wpb_wrapper\">\n\t\t\t<!-- POLITIQUE DE CONFIDENTIALIT\u00c9 - FRAN\u00c7AIS -->\r\n\r\n<h1>Politique de confidentialit\u00e9<\/h1>\r\n\r\n<p><strong>Derni\u00e8re mise \u00e0 jour :<\/strong> F\u00e9vrier 2025<\/p>\r\n\r\n<p>Magique Vitres d'Autos D.D.O. (\u00ab nous \u00bb, \u00ab notre \u00bb ou \u00ab nos \u00bb) s'engage \u00e0 prot\u00e9ger votre vie priv\u00e9e. La pr\u00e9sente politique de confidentialit\u00e9 explique comment nous recueillons, utilisons, divulguons et prot\u00e9geons vos renseignements personnels lorsque vous visitez notre site Web ou utilisez nos services.<\/p>\r\n\r\n<p>En utilisant notre site Web ou en soumettant des informations par l'entremise de nos formulaires, vous consentez aux pratiques d\u00e9crites dans la pr\u00e9sente politique.<\/p>\r\n\r\n<h2 style=\"border-bottom: 3px solid #df7516; display: inline-block; padding-bottom: 10px;\">Renseignements que nous recueillons<\/h2>\r\n\r\n<p>Nous recueillons les renseignements personnels que vous nous fournissez volontairement lorsque vous :<\/p>\r\n\r\n<ul style=\"list-style: none; padding: 0;\">\r\n    <li style=\"position: relative; padding-left: 30px; margin-bottom: 12px;\">\r\n        <span style=\"position: absolute; left: 0; color: #4057a9; font-weight: 700;\">\u2713<\/span>\r\n        Demandez une soumission ou une estimation gratuite\r\n    <\/li>\r\n    <li style=\"position: relative; padding-left: 30px; margin-bottom: 12px;\">\r\n        <span style=\"position: absolute; left: 0; color: #4057a9; font-weight: 700;\">\u2713<\/span>\r\n        Remplissez un formulaire de contact\r\n    <\/li>\r\n    <li style=\"position: relative; padding-left: 30px; margin-bottom: 12px;\">\r\n        <span style=\"position: absolute; left: 0; color: #4057a9; font-weight: 700;\">\u2713<\/span>\r\n        Communiquez avec nous par t\u00e9l\u00e9phone ou par courriel\r\n    <\/li>\r\n    <li style=\"position: relative; padding-left: 30px; margin-bottom: 12px;\">\r\n        <span style=\"position: absolute; left: 0; color: #4057a9; font-weight: 700;\">\u2713<\/span>\r\n        Prenez un rendez-vous\r\n    <\/li>\r\n<\/ul>\r\n\r\n<p>Ces renseignements peuvent inclure :<\/p>\r\n\r\n<ul style=\"list-style: none; padding: 0;\">\r\n    <li style=\"position: relative; padding-left: 30px; margin-bottom: 12px;\">\r\n        <span style=\"position: absolute; left: 0; color: #4057a9; font-weight: 700;\">\u2022<\/span>\r\n        Nom complet\r\n    <\/li>\r\n    <li style=\"position: relative; padding-left: 30px; margin-bottom: 12px;\">\r\n        <span style=\"position: absolute; left: 0; color: #4057a9; font-weight: 700;\">\u2022<\/span>\r\n        Num\u00e9ro de t\u00e9l\u00e9phone\r\n    <\/li>\r\n    <li style=\"position: relative; padding-left: 30px; margin-bottom: 12px;\">\r\n        <span style=\"position: absolute; left: 0; color: #4057a9; font-weight: 700;\">\u2022<\/span>\r\n        Adresse courriel\r\n    <\/li>\r\n    <li style=\"position: relative; padding-left: 30px; margin-bottom: 12px;\">\r\n        <span style=\"position: absolute; left: 0; color: #4057a9; font-weight: 700;\">\u2022<\/span>\r\n        Informations sur le v\u00e9hicule (marque, mod\u00e8le, ann\u00e9e)\r\n    <\/li>\r\n    <li style=\"position: relative; padding-left: 30px; margin-bottom: 12px;\">\r\n        <span style=\"position: absolute; left: 0; color: #4057a9; font-weight: 700;\">\u2022<\/span>\r\n        Adresse du lieu de service\r\n    <\/li>\r\n    <li style=\"position: relative; padding-left: 30px; margin-bottom: 12px;\">\r\n        <span style=\"position: absolute; left: 0; color: #4057a9; font-weight: 700;\">\u2022<\/span>\r\n        Informations d'assurance (le cas \u00e9ch\u00e9ant)\r\n    <\/li>\r\n    <li style=\"position: relative; padding-left: 30px; margin-bottom: 12px;\">\r\n        <span style=\"position: absolute; left: 0; color: #4057a9; font-weight: 700;\">\u2022<\/span>\r\n        Photos des dommages au v\u00e9hicule (si fournies)\r\n    <\/li>\r\n<\/ul>\r\n\r\n<p><strong>Nous ne recueillons pas d'informations de paiement sur notre site Web.<\/strong> Tous les paiements sont trait\u00e9s en personne au moment du service.<\/p>\r\n\r\n<h2 style=\"border-bottom: 3px solid #df7516; display: inline-block; padding-bottom: 10px;\">Utilisation de vos renseignements<\/h2>\r\n\r\n<p>Nous utilisons les renseignements recueillis pour :<\/p>\r\n\r\n<ul style=\"list-style: none; padding: 0;\">\r\n    <li style=\"position: relative; padding-left: 30px; margin-bottom: 12px;\">\r\n        <span style=\"position: absolute; left: 0; color: #4057a9; font-weight: 700;\">\u2713<\/span>\r\n        Vous fournir des soumissions et des estimations\r\n    <\/li>\r\n    <li style=\"position: relative; padding-left: 30px; margin-bottom: 12px;\">\r\n        <span style=\"position: absolute; left: 0; color: #4057a9; font-weight: 700;\">\u2713<\/span>\r\n        Planifier et confirmer vos rendez-vous\r\n    <\/li>\r\n    <li style=\"position: relative; padding-left: 30px; margin-bottom: 12px;\">\r\n        <span style=\"position: absolute; left: 0; color: #4057a9; font-weight: 700;\">\u2713<\/span>\r\n        Communiquer avec vous concernant votre service\r\n    <\/li>\r\n    <li style=\"position: relative; padding-left: 30px; margin-bottom: 12px;\">\r\n        <span style=\"position: absolute; left: 0; color: #4057a9; font-weight: 700;\">\u2713<\/span>\r\n        Traiter les r\u00e9clamations d'assurance en votre nom\r\n    <\/li>\r\n    <li style=\"position: relative; padding-left: 30px; margin-bottom: 12px;\">\r\n        <span style=\"position: absolute; left: 0; color: #4057a9; font-weight: 700;\">\u2713<\/span>\r\n        R\u00e9pondre \u00e0 vos demandes de renseignements\r\n    <\/li>\r\n    <li style=\"position: relative; padding-left: 30px; margin-bottom: 12px;\">\r\n        <span style=\"position: absolute; left: 0; color: #4057a9; font-weight: 700;\">\u2713<\/span>\r\n        Am\u00e9liorer nos services et notre site Web\r\n    <\/li>\r\n    <li style=\"position: relative; padding-left: 30px; margin-bottom: 12px;\">\r\n        <span style=\"position: absolute; left: 0; color: #4057a9; font-weight: 700;\">\u2713<\/span>\r\n        Respecter nos obligations l\u00e9gales\r\n    <\/li>\r\n<\/ul>\r\n\r\n<h2 style=\"border-bottom: 3px solid #df7516; display: inline-block; padding-bottom: 10px;\">Partage des renseignements<\/h2>\r\n\r\n<p>Nous ne vendons pas, n'\u00e9changeons pas et ne louons pas vos renseignements personnels \u00e0 des tiers. Nous pouvons partager vos renseignements uniquement dans les circonstances suivantes :<\/p>\r\n\r\n<ul style=\"list-style: none; padding: 0;\">\r\n    <li style=\"position: relative; padding-left: 30px; margin-bottom: 12px;\">\r\n        <span style=\"position: absolute; left: 0; color: #4057a9; font-weight: 700;\">\u2022<\/span>\r\n        <strong>Compagnies d'assurance :<\/strong> Avec votre consentement, pour traiter les r\u00e9clamations en votre nom\r\n    <\/li>\r\n    <li style=\"position: relative; padding-left: 30px; margin-bottom: 12px;\">\r\n        <span style=\"position: absolute; left: 0; color: #4057a9; font-weight: 700;\">\u2022<\/span>\r\n        <strong>Fournisseurs de services :<\/strong> Outils tiers qui nous aident \u00e0 exploiter notre site Web (sous r\u00e9serve d'ententes de confidentialit\u00e9)\r\n    <\/li>\r\n    <li style=\"position: relative; padding-left: 30px; margin-bottom: 12px;\">\r\n        <span style=\"position: absolute; left: 0; color: #4057a9; font-weight: 700;\">\u2022<\/span>\r\n        <strong>Exigences l\u00e9gales :<\/strong> Lorsque la loi l'exige ou pour prot\u00e9ger nos droits\r\n    <\/li>\r\n<\/ul>\r\n\r\n<h2 style=\"border-bottom: 3px solid #df7516; display: inline-block; padding-bottom: 10px;\">T\u00e9moins (cookies) et technologies de suivi<\/h2>\r\n\r\n<p>Notre site Web utilise des t\u00e9moins (cookies) et des technologies de suivi similaires pour am\u00e9liorer votre exp\u00e9rience de navigation et analyser le trafic du site. Ces technologies peuvent inclure :<\/p>\r\n\r\n<ul style=\"list-style: none; padding: 0;\">\r\n    <li style=\"position: relative; padding-left: 30px; margin-bottom: 12px;\">\r\n        <span style=\"position: absolute; left: 0; color: #4057a9; font-weight: 700;\">\u2022<\/span>\r\n        <strong>T\u00e9moins essentiels :<\/strong> N\u00e9cessaires au bon fonctionnement du site Web\r\n    <\/li>\r\n    <li style=\"position: relative; padding-left: 30px; margin-bottom: 12px;\">\r\n        <span style=\"position: absolute; left: 0; color: #4057a9; font-weight: 700;\">\u2022<\/span>\r\n        <strong>T\u00e9moins analytiques :<\/strong> Nous aident \u00e0 comprendre comment les visiteurs utilisent notre site (Google Analytics)\r\n    <\/li>\r\n    <li style=\"position: relative; padding-left: 30px; margin-bottom: 12px;\">\r\n        <span style=\"position: absolute; left: 0; color: #4057a9; font-weight: 700;\">\u2022<\/span>\r\n        <strong>T\u00e9moins publicitaires :<\/strong> Utilis\u00e9s pour diffuser des publicit\u00e9s pertinentes (Google Ads)\r\n    <\/li>\r\n<\/ul>\r\n\r\n<p>Vous pouvez contr\u00f4ler les t\u00e9moins par l'entremise des param\u00e8tres de votre navigateur. La d\u00e9sactivation des t\u00e9moins peut affecter certaines fonctionnalit\u00e9s du site Web.<\/p>\r\n\r\n<h2 style=\"border-bottom: 3px solid #df7516; display: inline-block; padding-bottom: 10px;\">Mise en cache<\/h2>\r\n\r\n<p>Ce site utilise la mise en cache afin d'offrir un temps de r\u00e9ponse plus rapide et une meilleure exp\u00e9rience utilisateur. La mise en cache peut stocker une copie temporaire des pages Web affich\u00e9es sur ce site. Tous les fichiers de cache sont temporaires et ne sont jamais consult\u00e9s par des tiers, sauf si cela est n\u00e9cessaire pour obtenir un soutien technique aupr\u00e8s du fournisseur du module de cache. Les fichiers de cache expirent selon un calendrier \u00e9tabli par l'administrateur du site, mais peuvent \u00eatre supprim\u00e9s avant leur expiration naturelle si n\u00e9cessaire.<\/p>\r\n\r\n<p>Nous pouvons utiliser les services de QUIC.cloud pour traiter et mettre en cache vos donn\u00e9es temporairement. Pour plus de d\u00e9tails, veuillez consulter la <a href=\"https:\/\/quic.cloud\/privacy-policy\/\" target=\"_blank\" rel=\"noopener\" style=\"color: #4057a9;\">politique de confidentialit\u00e9 de QUIC.cloud<\/a>.<\/p>\r\n\r\n<h2 style=\"border-bottom: 3px solid #df7516; display: inline-block; padding-bottom: 10px;\">Services tiers<\/h2>\r\n\r\n<p>Nous utilisons les services tiers suivants qui peuvent recueillir des informations :<\/p>\r\n\r\n<ul style=\"list-style: none; padding: 0;\">\r\n    <li style=\"position: relative; padding-left: 30px; margin-bottom: 12px;\">\r\n        <span style=\"position: absolute; left: 0; color: #4057a9; font-weight: 700;\">\u2022<\/span>\r\n        <strong>Google Analytics :<\/strong> Analyse du trafic du site Web\r\n    <\/li>\r\n    <li style=\"position: relative; padding-left: 30px; margin-bottom: 12px;\">\r\n        <span style=\"position: absolute; left: 0; color: #4057a9; font-weight: 700;\">\u2022<\/span>\r\n        <strong>Google Ads :<\/strong> Publicit\u00e9 et remarketing\r\n    <\/li>\r\n    <li style=\"position: relative; padding-left: 30px; margin-bottom: 12px;\">\r\n        <span style=\"position: absolute; left: 0; color: #4057a9; font-weight: 700;\">\u2022<\/span>\r\n        <strong>QUIC.cloud :<\/strong> Mise en cache et optimisation des performances\r\n    <\/li>\r\n<\/ul>\r\n\r\n<p>Ces services ont leurs propres politiques de confidentialit\u00e9. Nous vous encourageons \u00e0 les consulter.<\/p>\r\n\r\n<h2 style=\"border-bottom: 3px solid #df7516; display: inline-block; padding-bottom: 10px;\">Conservation des donn\u00e9es<\/h2>\r\n\r\n<p>Nous conservons vos renseignements personnels uniquement aussi longtemps que n\u00e9cessaire pour atteindre les objectifs d\u00e9crits dans la pr\u00e9sente politique, notamment :<\/p>\r\n\r\n<ul style=\"list-style: none; padding: 0;\">\r\n    <li style=\"position: relative; padding-left: 30px; margin-bottom: 12px;\">\r\n        <span style=\"position: absolute; left: 0; color: #4057a9; font-weight: 700;\">\u2022<\/span>\r\n        Fournir un soutien continu en mati\u00e8re de garantie\r\n    <\/li>\r\n    <li style=\"position: relative; padding-left: 30px; margin-bottom: 12px;\">\r\n        <span style=\"position: absolute; left: 0; color: #4057a9; font-weight: 700;\">\u2022<\/span>\r\n        Respecter les exigences l\u00e9gales et r\u00e9glementaires\r\n    <\/li>\r\n    <li style=\"position: relative; padding-left: 30px; margin-bottom: 12px;\">\r\n        <span style=\"position: absolute; left: 0; color: #4057a9; font-weight: 700;\">\u2022<\/span>\r\n        R\u00e9soudre les litiges et faire respecter les ententes\r\n    <\/li>\r\n<\/ul>\r\n\r\n<h2 style=\"border-bottom: 3px solid #df7516; display: inline-block; padding-bottom: 10px;\">Vos droits<\/h2>\r\n\r\n<p>En vertu de la Loi 25 du Qu\u00e9bec (Loi sur la protection des renseignements personnels dans le secteur priv\u00e9) et des lois applicables en mati\u00e8re de protection de la vie priv\u00e9e, vous avez le droit de :<\/p>\r\n\r\n<ul style=\"list-style: none; padding: 0;\">\r\n    <li style=\"position: relative; padding-left: 30px; margin-bottom: 12px;\">\r\n        <span style=\"position: absolute; left: 0; color: #4057a9; font-weight: 700;\">\u2713<\/span>\r\n        Acc\u00e9der \u00e0 vos renseignements personnels\r\n    <\/li>\r\n    <li style=\"position: relative; padding-left: 30px; margin-bottom: 12px;\">\r\n        <span style=\"position: absolute; left: 0; color: #4057a9; font-weight: 700;\">\u2713<\/span>\r\n        Demander la correction de renseignements inexacts\r\n    <\/li>\r\n    <li style=\"position: relative; padding-left: 30px; margin-bottom: 12px;\">\r\n        <span style=\"position: absolute; left: 0; color: #4057a9; font-weight: 700;\">\u2713<\/span>\r\n        Demander la suppression de vos renseignements (sous r\u00e9serve des obligations l\u00e9gales)\r\n    <\/li>\r\n    <li style=\"position: relative; padding-left: 30px; margin-bottom: 12px;\">\r\n        <span style=\"position: absolute; left: 0; color: #4057a9; font-weight: 700;\">\u2713<\/span>\r\n        Retirer votre consentement au traitement des donn\u00e9es\r\n    <\/li>\r\n    <li style=\"position: relative; padding-left: 30px; margin-bottom: 12px;\">\r\n        <span style=\"position: absolute; left: 0; color: #4057a9; font-weight: 700;\">\u2713<\/span>\r\n        D\u00e9poser une plainte aupr\u00e8s de la Commission d'acc\u00e8s \u00e0 l'information du Qu\u00e9bec\r\n    <\/li>\r\n<\/ul>\r\n\r\n<p>Pour exercer l'un de ces droits, veuillez communiquer avec nous en utilisant les coordonn\u00e9es ci-dessous.<\/p>\r\n\r\n<h2 style=\"border-bottom: 3px solid #df7516; display: inline-block; padding-bottom: 10px;\">S\u00e9curit\u00e9 des donn\u00e9es<\/h2>\r\n\r\n<p>Nous mettons en \u0153uvre des mesures techniques et organisationnelles appropri\u00e9es pour prot\u00e9ger vos renseignements personnels contre l'acc\u00e8s non autoris\u00e9, la modification, la divulgation ou la destruction. Cependant, aucune m\u00e9thode de transmission sur Internet ou de stockage \u00e9lectronique n'est enti\u00e8rement s\u00e9curis\u00e9e.<\/p>\r\n\r\n<h2 style=\"border-bottom: 3px solid #df7516; display: inline-block; padding-bottom: 10px;\">Liens vers des sites tiers<\/h2>\r\n\r\n<p>Notre site Web peut contenir des liens vers des sites Web tiers. Nous ne sommes pas responsables des pratiques de confidentialit\u00e9 ou du contenu de ces sites externes. Nous vous encourageons \u00e0 consulter les politiques de confidentialit\u00e9 de tout site Web que vous visitez.<\/p>\r\n\r\n<h2 style=\"border-bottom: 3px solid #df7516; display: inline-block; padding-bottom: 10px;\">Modifications \u00e0 cette politique<\/h2>\r\n\r\n<p>Nous pouvons mettre \u00e0 jour cette politique de confidentialit\u00e9 de temps \u00e0 autre. Toute modification sera publi\u00e9e sur cette page avec une date de r\u00e9vision mise \u00e0 jour. Nous vous encourageons \u00e0 consulter cette politique p\u00e9riodiquement.<\/p>\r\n\r\n<h2 style=\"border-bottom: 3px solid #df7516; display: inline-block; padding-bottom: 10px;\">Nous joindre<\/h2>\r\n\r\n<p>Si vous avez des questions concernant cette politique de confidentialit\u00e9 ou si vous souhaitez exercer vos droits, veuillez communiquer avec nous :<\/p>\r\n\r\n<div style=\"background-color: #f5f5f5; border-left: 4px solid #4057a9; padding: 20px 25px; margin: 20px 0;\">\r\n    <p style=\"margin: 0 0 10px 0;\"><strong>Magique Vitres d'Autos D.D.O.<\/strong><\/p>\r\n    <p style=\"margin: 0 0 10px 0;\">4700F boul. des Sources<br>Dollard-des-Ormeaux (Qu\u00e9bec) H8Y 3C4<br>Canada<\/p>\r\n    <p style=\"margin: 0;\"><strong>Courriel :<\/strong> <a href=\"mailto:info@magicvitresddo.ca\" style=\"color: #4057a9;\">info@magicvitresddo.ca<\/a><\/p>\r\n<\/div>\n\t\t<\/div>\n\t<\/div>\n<\/div><\/div><\/div><\/div>\n<\/div>","protected":false},"excerpt":{"rendered":"","protected":false},"author":1,"featured_media":0,"parent":0,"menu_order":0,"comment_status":"closed","ping_status":"closed","template":"","meta":{"footnotes":""},"class_list":["post-13392","page","type-page","status-publish"],"aioseo_notices":[],"_links":{"self":[{"href":"https:\/\/magicvitresddo.ca\/fr\/wp-json\/wp\/v2\/pages\/13392","targetHints":{"allow":["GET"]}}],"collection":[{"href":"https:\/\/magicvitresddo.ca\/fr\/wp-json\/wp\/v2\/pages"}],"about":[{"href":"https:\/\/magicvitresddo.ca\/fr\/wp-json\/wp\/v2\/types\/page"}],"author":[{"embeddable":true,"href":"https:\/\/magicvitresddo.ca\/fr\/wp-json\/wp\/v2\/users\/1"}],"replies":[{"embeddable":true,"href":"https:\/\/magicvitresddo.ca\/fr\/wp-json\/wp\/v2\/comments?post=13392"}],"version-history":[{"count":3,"href":"https:\/\/magicvitresddo.ca\/fr\/wp-json\/wp\/v2\/pages\/13392\/revisions"}],"predecessor-version":[{"id":13396,"href":"https:\/\/magicvitresddo.ca\/fr\/wp-json\/wp\/v2\/pages\/13392\/revisions\/13396"}],"wp:attachment":[{"href":"https:\/\/magicvitresddo.ca\/fr\/wp-json\/wp\/v2\/media?parent=13392"}],"curies":[{"name":"wp","href":"https:\/\/api.w.org\/{rel}","templated":true}]}}